{"id":1045,"date":"2018-07-13T11:31:43","date_gmt":"2018-07-13T11:31:43","guid":{"rendered":"http:\/\/ld-wp.template-help.com\/wordpress_prod-21953\/v1\/?page_id=331"},"modified":"2025-01-07T12:41:06","modified_gmt":"2025-01-07T15:41:06","slug":"sobre-nos","status":"publish","type":"page","link":"https:\/\/renoveagropesquisa.com.br\/novo-renove\/sobre-nos\/","title":{"rendered":"Sobre N\u00f3s"},"content":{"rendered":"\t\t<div data-elementor-type=\"wp-post\" data-elementor-id=\"1045\" class=\"elementor elementor-1045\">\n\t\t\t\t<div class=\"elementor-element elementor-element-c12ecc8 e-con-full e-flex e-con e-parent\" data-id=\"c12ecc8\" data-element_type=\"container\">\n\t\t\t\t<div class=\"elementor-element elementor-element-5ffd132 elementor-widget-mobile__width-initial elementor-widget__width-initial elementor-widget elementor-widget-heading\" data-id=\"5ffd132\" data-element_type=\"widget\" data-widget_type=\"heading.default\">\n\t\t\t\t<div class=\"elementor-widget-container\">\n\t\t\t\t\t<h2 class=\"elementor-heading-title elementor-size-default\">Nossos Especialistas<\/h2>\t\t\t\t<\/div>\n\t\t\t\t<\/div>\n\t\t<div class=\"elementor-element elementor-element-ae97226 e-con-full e-flex e-con e-child\" data-id=\"ae97226\" data-element_type=\"container\" data-settings=\"{&quot;background_background&quot;:&quot;classic&quot;}\">\n\t\t\t\t<div class=\"elementor-element elementor-element-3bf53e6 eael-team-align-left elementor-widget elementor-widget-eael-team-member\" data-id=\"3bf53e6\" data-element_type=\"widget\" data-widget_type=\"eael-team-member.default\">\n\t\t\t\t<div class=\"elementor-widget-container\">\n\t\t\t\t\t\n\n\t<div id=\"eael-team-member-3bf53e6\" class=\"eael-team-item eael-team-members-overlay \">\n\t\t<div class=\"eael-team-item-inner\">\n\t\t\t<div class=\"eael-team-image\">\n\t\t\t\t<figure>\n\t\t\t\t\t\t\t\t\t\t<img decoding=\"async\" src=\"https:\/\/renoveagropesquisa.com.br\/novo-renove\/wp-content\/uploads\/2024\/12\/Flyer-Editavel-Feed-Renove-819x1024.png\" alt=\"\">\n\t\t\t\t\t\t\t\t\t<\/figure>\n\t\t\t\t\n\t\t\t\t\n\t\t\t<\/div>\n\n\t\t\t<div class=\"eael-team-content\">\n\t\t\t\t<h2 class=\"eael-team-member-name\">Plinio Saulo Sim\u00f5es<\/h2><h3 class=\"eael-team-member-position\">Diretor e Pesquisador<\/h3>\n\t\t\t\t\t\t\t\t\t\t\t\t\t\t<p class=\"eael-team-text\">Gradua\u00e7\u00e3o em Agronomia (2012). Doutorado e Mestrado em Agronomia- Agricultura\n(2018\/ 2015).<br><br>\nParticipa\u00e7\u00e3o por 8 meses como pesquisador visitante no Everglades\nResearch &amp; Education Center (EREC) pertencente a Universidade da Florida, Belle\nGlade\/FL, Estados Unidos. Atualmente \u00e9 Diretor e Pesquisador na Renove\nAgroPesquisa. <br><br>Tem como principais \u00e1reas de atua\u00e7\u00e3o: controle qu\u00edmico de plantas\ndaninhas, seletividade de herbicidas, comportamento de herbicidas no ambiente,\nlicenciamento ambiental para aplica\u00e7\u00e3o de herbicidas em ambientes restritos,\ntecnologia de aplica\u00e7\u00e3o de defensivos e desenvolvimento de tecnologias para controle\nde plantas daninhas em ambientes aqu\u00e1ticos, n\u00e3o agr\u00edcolas \u201cNA\u201d (Ferrovias, rodovias e\npain\u00e9is solares) e florestas.<\/p>\n\t\t\t\t\t\t\t<\/div>\n\t\t<\/div>\n\t<\/div>\n\t\t\t\t\t<\/div>\n\t\t\t\t<\/div>\n\t\t\t\t<div class=\"elementor-element elementor-element-ee23bff eael-team-align-left elementor-widget elementor-widget-eael-team-member\" data-id=\"ee23bff\" data-element_type=\"widget\" data-widget_type=\"eael-team-member.default\">\n\t\t\t\t<div class=\"elementor-widget-container\">\n\t\t\t\t\t\n\n\t<div id=\"eael-team-member-ee23bff\" class=\"eael-team-item eael-team-members-overlay \">\n\t\t<div class=\"eael-team-item-inner\">\n\t\t\t<div class=\"eael-team-image\">\n\t\t\t\t<figure>\n\t\t\t\t\t\t\t\t\t\t<img decoding=\"async\" src=\"https:\/\/renoveagropesquisa.com.br\/novo-renove\/wp-content\/uploads\/2024\/12\/Flyer-Editavel-Feed-Renove-2-819x1024.png\" alt=\"\">\n\t\t\t\t\t\t\t\t\t<\/figure>\n\t\t\t\t\n\t\t\t\t\n\t\t\t<\/div>\n\n\t\t\t<div class=\"eael-team-content\">\n\t\t\t\t<h2 class=\"eael-team-member-name\">Renan Fonseca<\/h2><h3 class=\"eael-team-member-position\">Gerente de Pesquisa e Inova\u00e7\u00e3o<\/h3>\n\t\t\t\t\t\t\t\t\t\t\t\t\t\t<p class=\"eael-team-text\">Doutor em Prote\u00e7\u00e3o de Plantas, Renan dedica-se a promover uma agricultura mais\nsustent\u00e1vel e eficiente. <br><br>\nCom forma\u00e7\u00e3o em Engenharia Agron\u00f4mica pelo Centro\nUniversit\u00e1rio de Patos de Minas e mestrado e doutorado em Agronomia pela UNESP-\nBotucatu, ele tem ampla experi\u00eancia no controle de plantas daninhas, controle biol\u00f3gico\ne inova\u00e7\u00e3o agr\u00edcola. <br><br>\nAl\u00e9m disso, Renan utiliza suas habilidades em estat\u00edstica e\nprograma\u00e7\u00e3o para desenvolver solu\u00e7\u00f5es que fazem a diferen\u00e7a no campo<\/p>\n\t\t\t\t\t\t\t<\/div>\n\t\t<\/div>\n\t<\/div>\n\t\t\t\t\t<\/div>\n\t\t\t\t<\/div>\n\t\t\t\t<\/div>\n\t\t\t\t<\/div>\n\t\t\t\t<section class=\"elementor-section elementor-top-section elementor-element elementor-element-4be8b84 elementor-section-boxed elementor-section-height-default elementor-section-height-default\" data-id=\"4be8b84\" data-element_type=\"section\">\n\t\t\t\t\t\t<div class=\"elementor-container elementor-column-gap-no\">\n\t\t\t\t\t<div class=\"elementor-column elementor-col-100 elementor-top-column elementor-element elementor-element-f9e7ab2\" data-id=\"f9e7ab2\" data-element_type=\"column\">\n\t\t\t<div class=\"elementor-widget-wrap elementor-element-populated\">\n\t\t\t\t\t\t<div class=\"elementor-element elementor-element-75aca3c elementor-widget elementor-widget-text-editor\" data-id=\"75aca3c\" data-element_type=\"widget\" data-widget_type=\"text-editor.default\">\n\t\t\t\t<div class=\"elementor-widget-container\">\n\t\t\t\t\t\t\t\t\t<p>A Renove AgroPesquisa visa principalmente o desenvolvimento de novas tecnologias, pesquisa, dissemina\u00e7\u00e3o de conhecimento e consultoria na \u00e1rea agr\u00edcola. \u00c9 uma empresa formada por engenheiros agr\u00f4nomos com Mestrado e Doutorado na Unesp\/Botucatu, com anos de experi\u00eancia em experimenta\u00e7\u00e3o agr\u00edcola, e \u00eanfase nas \u00e1reas de efic\u00e1cia, praticabilidade agron\u00f4mica, res\u00edduos e tecnologia de aplica\u00e7\u00e3o.<\/p>\t\t\t\t\t\t\t\t<\/div>\n\t\t\t\t<\/div>\n\t\t\t\t\t<\/div>\n\t\t<\/div>\n\t\t\t\t\t<\/div>\n\t\t<\/section>\n\t\t\t\t<section class=\"elementor-section elementor-top-section elementor-element elementor-element-e9fe185 elementor-section-boxed elementor-section-height-default elementor-section-height-default\" data-id=\"e9fe185\" data-element_type=\"section\">\n\t\t\t\t\t\t<div class=\"elementor-container elementor-column-gap-default\">\n\t\t\t\t\t<div class=\"elementor-column elementor-col-50 elementor-top-column elementor-element elementor-element-7c578a5\" data-id=\"7c578a5\" data-element_type=\"column\">\n\t\t\t<div class=\"elementor-widget-wrap elementor-element-populated\">\n\t\t\t\t\t\t<div class=\"elementor-element elementor-element-ff49e1d elementor-widget elementor-widget-image\" data-id=\"ff49e1d\" data-element_type=\"widget\" data-widget_type=\"image.default\">\n\t\t\t\t<div class=\"elementor-widget-container\">\n\t\t\t\t\t\t\t\t\t\t\t\t\t\t\t\t<a href=\"http:\/\/lattes.cnpq.br\/6826932343994352\">\n\t\t\t\t\t\t\t<img decoding=\"async\" src=\"https:\/\/renoveagropesquisa.com.br\/novo-renove\/wp-content\/uploads\/2019\/08\/lattes-150x85.png\" title=\"lattes\" alt=\"lattes\" loading=\"lazy\" \/>\t\t\t\t\t\t\t\t<\/a>\n\t\t\t\t\t\t\t\t\t\t\t\t\t\t\t<\/div>\n\t\t\t\t<\/div>\n\t\t\t\t\t<\/div>\n\t\t<\/div>\n\t\t\t\t<div class=\"elementor-column elementor-col-50 elementor-top-column elementor-element elementor-element-23fb6d7\" data-id=\"23fb6d7\" data-element_type=\"column\">\n\t\t\t<div class=\"elementor-widget-wrap elementor-element-populated\">\n\t\t\t\t\t\t<div class=\"elementor-element elementor-element-7131f9b elementor-widget elementor-widget-image\" data-id=\"7131f9b\" data-element_type=\"widget\" data-widget_type=\"image.default\">\n\t\t\t\t<div class=\"elementor-widget-container\">\n\t\t\t\t\t\t\t\t\t\t\t\t\t\t\t\t<a href=\"http:\/\/lattes.cnpq.br\/2710632380356442\">\n\t\t\t\t\t\t\t<img decoding=\"async\" src=\"https:\/\/renoveagropesquisa.com.br\/novo-renove\/wp-content\/uploads\/2019\/08\/lattes-150x85.png\" title=\"lattes\" alt=\"lattes\" loading=\"lazy\" \/>\t\t\t\t\t\t\t\t<\/a>\n\t\t\t\t\t\t\t\t\t\t\t\t\t\t\t<\/div>\n\t\t\t\t<\/div>\n\t\t\t\t\t<\/div>\n\t\t<\/div>\n\t\t\t\t\t<\/div>\n\t\t<\/section>\n\t\t\t\t<\/div>\n\t\t","protected":false},"excerpt":{"rendered":"<p>Nossos Especialistas Plinio Saulo Sim\u00f5es Diretor e Pesquisador Gradua\u00e7\u00e3o em Agronomia (2012). Doutorado e Mestrado em Agronomia- Agricultura (2018\/ 2015). [&hellip;]<\/p>\n","protected":false},"author":1,"featured_media":0,"parent":0,"menu_order":0,"comment_status":"closed","ping_status":"closed","template":"","meta":{"_uag_custom_page_level_css":"","site-sidebar-layout":"default","site-content-layout":"","ast-site-content-layout":"default","site-content-style":"default","site-sidebar-style":"default","ast-global-header-display":"","ast-banner-title-visibility":"","ast-main-header-display":"","ast-hfb-above-header-display":"","ast-hfb-below-header-display":"","ast-hfb-mobile-header-display":"","site-post-title":"","ast-breadcrumbs-content":"","ast-featured-img":"","footer-sml-layout":"","ast-disable-related-posts":"","theme-transparent-header-meta":"","adv-header-id-meta":"","stick-header-meta":"","header-above-stick-meta":"","header-main-stick-meta":"","header-below-stick-meta":"","astra-migrate-meta-layouts":"default","ast-page-background-enabled":"default","ast-page-background-meta":{"desktop":{"background-color":"var(--ast-global-color-4)","background-image":"","background-repeat":"repeat","background-position":"center center","background-size":"auto","background-attachment":"scroll","background-type":"","background-media":"","overlay-type":"","overlay-color":"","overlay-opacity":"","overlay-gradient":""},"tablet":{"background-color":"","background-image":"","background-repeat":"repeat","background-position":"center center","background-size":"auto","background-attachment":"scroll","background-type":"","background-media":"","overlay-type":"","overlay-color":"","overlay-opacity":"","overlay-gradient":""},"mobile":{"background-color":"","background-image":"","background-repeat":"repeat","background-position":"center center","background-size":"auto","background-attachment":"scroll","background-type":"","background-media":"","overlay-type":"","overlay-color":"","overlay-opacity":"","overlay-gradient":""}},"ast-content-background-meta":{"desktop":{"background-color":"var(--ast-global-color-5)","background-image":"","background-repeat":"repeat","background-position":"center center","background-size":"auto","background-attachment":"scroll","background-type":"","background-media":"","overlay-type":"","overlay-color":"","overlay-opacity":"","overlay-gradient":""},"tablet":{"background-color":"var(--ast-global-color-5)","background-image":"","background-repeat":"repeat","background-position":"center center","background-size":"auto","background-attachment":"scroll","background-type":"","background-media":"","overlay-type":"","overlay-color":"","overlay-opacity":"","overlay-gradient":""},"mobile":{"background-color":"var(--ast-global-color-5)","background-image":"","background-repeat":"repeat","background-position":"center center","background-size":"auto","background-attachment":"scroll","background-type":"","background-media":"","overlay-type":"","overlay-color":"","overlay-opacity":"","overlay-gradient":""}},"footnotes":""},"class_list":["post-1045","page","type-page","status-publish","hentry"],"uagb_featured_image_src":{"full":false,"thumbnail":false,"medium":false,"medium_large":false,"large":false,"1536x1536":false,"2048x2048":false},"uagb_author_info":{"display_name":"renoveagropesquisa_tntep7","author_link":"https:\/\/renoveagropesquisa.com.br\/novo-renove\/author\/renoveagropesquisa_tntep7\/"},"uagb_comment_info":0,"uagb_excerpt":"Nossos Especialistas Plinio Saulo Sim\u00f5es Diretor e Pesquisador Gradua\u00e7\u00e3o em Agronomia (2012). Doutorado e Mestrado em Agronomia- Agricultura (2018\/ 2015). [&hellip;]","_links":{"self":[{"href":"https:\/\/renoveagropesquisa.com.br\/novo-renove\/wp-json\/wp\/v2\/pages\/1045","targetHints":{"allow":["GET"]}}],"collection":[{"href":"https:\/\/renoveagropesquisa.com.br\/novo-renove\/wp-json\/wp\/v2\/pages"}],"about":[{"href":"https:\/\/renoveagropesquisa.com.br\/novo-renove\/wp-json\/wp\/v2\/types\/page"}],"author":[{"embeddable":true,"href":"https:\/\/renoveagropesquisa.com.br\/novo-renove\/wp-json\/wp\/v2\/users\/1"}],"replies":[{"embeddable":true,"href":"https:\/\/renoveagropesquisa.com.br\/novo-renove\/wp-json\/wp\/v2\/comments?post=1045"}],"version-history":[{"count":10,"href":"https:\/\/renoveagropesquisa.com.br\/novo-renove\/wp-json\/wp\/v2\/pages\/1045\/revisions"}],"predecessor-version":[{"id":2558,"href":"https:\/\/renoveagropesquisa.com.br\/novo-renove\/wp-json\/wp\/v2\/pages\/1045\/revisions\/2558"}],"wp:attachment":[{"href":"https:\/\/renoveagropesquisa.com.br\/novo-renove\/wp-json\/wp\/v2\/media?parent=1045"}],"curies":[{"name":"wp","href":"https:\/\/api.w.org\/{rel}","templated":true}]}}